{"id":18882,"date":"2023-12-07T20:39:35","date_gmt":"2023-12-07T19:39:35","guid":{"rendered":"https:\/\/lyreacademy.wpcomstaging.com\/produit\/siuil-a-ruin\/"},"modified":"2024-03-27T17:21:56","modified_gmt":"2024-03-27T16:21:56","slug":"siuil-a-ruin","status":"publish","type":"product","link":"https:\/\/lyre-academy.com\/en\/produit\/siuil-a-ruin\/","title":{"rendered":"Si\u00f9il a R\u00f9in &#8211; 6 string"},"content":{"rendered":"","protected":false},"excerpt":{"rendered":"<p>&#8220;Si\u00fail a R\u00fan&#8221; is a traditional Irish song that expresses the sadness of a woman facing her lover&#8217;s departure for war. This song, alternating between English and Irish, belongs to the macaronic style. Its title translates to &#8220;Walk, my love,&#8221; combining the imperative &#8220;si\u00fail&#8221; (walk) with the affectionate &#8220;a r\u00fain.&#8221; Although its precise origin remains uncertain, &#8220;Si\u00fail a R\u00fan&#8221; has left a deep imprint on&#8230;.<\/p>\n[audio mp3=\"https:\/\/lyre-academy.com\/wp-content\/uploads\/2023\/12\/extraitsiuilaruin6cordes.mp3\"][\/audio]\n","protected":false},"featured_media":18328,"comment_status":"closed","ping_status":"closed","template":"","meta":{"_ppp_document_settings_meta":"","advanced_seo_description":"","jetpack_seo_html_title":"","jetpack_seo_noindex":false,"jetpack_post_was_ever_published":false},"product_brand":[],"product_cat":[6666,6615],"product_tag":[],"class_list":{"0":"post-18882","1":"product","2":"type-product","3":"status-publish","4":"has-post-thumbnail","6":"product_cat-level-3-en","7":"product_cat-tablatures-6-string","9":"first","10":"instock","11":"downloadable","12":"sold-individually","13":"shipping-taxable","14":"purchasable","15":"product-type-simple"},"jetpack_likes_enabled":true,"jetpack_sharing_enabled":true,"_links":{"self":[{"href":"https:\/\/lyre-academy.com\/en\/wp-json\/wp\/v2\/product\/18882","targetHints":{"allow":["GET"]}}],"collection":[{"href":"https:\/\/lyre-academy.com\/en\/wp-json\/wp\/v2\/product"}],"about":[{"href":"https:\/\/lyre-academy.com\/en\/wp-json\/wp\/v2\/types\/product"}],"replies":[{"embeddable":true,"href":"https:\/\/lyre-academy.com\/en\/wp-json\/wp\/v2\/comments?post=18882"}],"wp:featuredmedia":[{"embeddable":true,"href":"https:\/\/lyre-academy.com\/en\/wp-json\/wp\/v2\/media\/18328"}],"wp:attachment":[{"href":"https:\/\/lyre-academy.com\/en\/wp-json\/wp\/v2\/media?parent=18882"}],"wp:term":[{"taxonomy":"product_brand","embeddable":true,"href":"https:\/\/lyre-academy.com\/en\/wp-json\/wp\/v2\/product_brand?post=18882"},{"taxonomy":"product_cat","embeddable":true,"href":"https:\/\/lyre-academy.com\/en\/wp-json\/wp\/v2\/product_cat?post=18882"},{"taxonomy":"product_tag","embeddable":true,"href":"https:\/\/lyre-academy.com\/en\/wp-json\/wp\/v2\/product_tag?post=18882"}],"curies":[{"name":"wp","href":"https:\/\/api.w.org\/{rel}","templated":true}]}}